{"id":26659,"date":"2021-12-23T16:15:20","date_gmt":"2021-12-23T13:15:20","guid":{"rendered":"https:\/\/www.revotas.com\/?page_id=26659"},"modified":"2023-12-14T14:43:11","modified_gmt":"2023-12-14T11:43:11","slug":"revotalks-2","status":"publish","type":"page","link":"https:\/\/www.revotas.com\/tr\/revotalks-2\/","title":{"rendered":"Revotalks"},"content":{"rendered":"\t\t<div data-elementor-type=\"wp-page\" data-elementor-id=\"26659\" class=\"elementor elementor-26659\" data-elementor-post-type=\"page\">\n\t\t\t\t\t\t<section data-particle_enable=\"false\" data-particle-mobile-disabled=\"false\" class=\"elementor-section elementor-top-section elementor-element elementor-element-145724e elementor-section-height-min-height elementor-section-stretched elementor-section-boxed elementor-section-height-default elementor-section-items-middle\" data-id=\"145724e\" data-element_type=\"section\" data-settings=\"{&quot;stretch_section&quot;:&quot;section-stretched&quot;,&quot;background_background&quot;:&quot;gradient&quot;}\">\n\t\t\t\t\t\t\t<div class=\"elementor-background-overlay\"><\/div>\n\t\t\t\t\t\t\t<div class=\"elementor-container elementor-column-gap-default\">\n\t\t\t\t\t<div class=\"elementor-column elementor-col-50 elementor-top-column elementor-element elementor-element-5f36b0f\" data-id=\"5f36b0f\" data-element_type=\"column\" data-settings=\"{&quot;starto_ext_link_sidemenu&quot;:&quot;false&quot;,&quot;starto_ext_is_scrollme&quot;:&quot;false&quot;,&quot;starto_ext_is_smoove&quot;:&quot;false&quot;,&quot;starto_ext_is_parallax_mouse&quot;:&quot;false&quot;,&quot;starto_ext_is_infinite&quot;:&quot;false&quot;}\">\n\t\t\t<div class=\"elementor-widget-wrap elementor-element-populated\">\n\t\t\t\t\t\t<div class=\"elementor-element elementor-element-1dd354a elementor-widget elementor-widget-heading\" data-id=\"1dd354a\" data-element_type=\"widget\" data-settings=\"{&quot;starto_ext_link_sidemenu&quot;:&quot;false&quot;,&quot;starto_ext_is_scrollme&quot;:&quot;false&quot;,&quot;starto_ext_is_smoove&quot;:&quot;false&quot;,&quot;starto_ext_is_parallax_mouse&quot;:&quot;false&quot;,&quot;starto_ext_is_infinite&quot;:&quot;false&quot;}\" data-widget_type=\"heading.default\">\n\t\t\t\t<div class=\"elementor-widget-container\">\n\t\t\t\t\t<h1 class=\"elementor-heading-title elementor-size-default\">RevoTalks\u200b<\/h1>\t\t\t\t<\/div>\n\t\t\t\t<\/div>\n\t\t\t\t<div class=\"elementor-element elementor-element-0f4e5c9 elementor-widget__width-auto elementor-widget elementor-widget-heading\" data-id=\"0f4e5c9\" data-element_type=\"widget\" data-settings=\"{&quot;starto_ext_is_smoove&quot;:&quot;true&quot;,&quot;starto_ext_smoove_disable&quot;:&quot;769&quot;,&quot;starto_ext_smoove_duration&quot;:1000,&quot;starto_ext_smoove_scalex&quot;:{&quot;unit&quot;:&quot;px&quot;,&quot;size&quot;:1.6,&quot;sizes&quot;:[]},&quot;starto_ext_smoove_scaley&quot;:{&quot;unit&quot;:&quot;px&quot;,&quot;size&quot;:1.6,&quot;sizes&quot;:[]},&quot;starto_ext_link_sidemenu&quot;:&quot;false&quot;,&quot;starto_ext_is_scrollme&quot;:&quot;false&quot;,&quot;starto_ext_smoove_rotatex&quot;:{&quot;unit&quot;:&quot;px&quot;,&quot;size&quot;:0,&quot;sizes&quot;:[]},&quot;starto_ext_smoove_rotatey&quot;:{&quot;unit&quot;:&quot;px&quot;,&quot;size&quot;:0,&quot;sizes&quot;:[]},&quot;starto_ext_smoove_rotatez&quot;:{&quot;unit&quot;:&quot;px&quot;,&quot;size&quot;:0,&quot;sizes&quot;:[]},&quot;starto_ext_smoove_translatex&quot;:{&quot;unit&quot;:&quot;px&quot;,&quot;size&quot;:0,&quot;sizes&quot;:[]},&quot;starto_ext_smoove_translatey&quot;:{&quot;unit&quot;:&quot;px&quot;,&quot;size&quot;:0,&quot;sizes&quot;:[]},&quot;starto_ext_smoove_translatez&quot;:{&quot;unit&quot;:&quot;px&quot;,&quot;size&quot;:0,&quot;sizes&quot;:[]},&quot;starto_ext_smoove_skewx&quot;:{&quot;unit&quot;:&quot;px&quot;,&quot;size&quot;:0,&quot;sizes&quot;:[]},&quot;starto_ext_smoove_skewy&quot;:{&quot;unit&quot;:&quot;px&quot;,&quot;size&quot;:0,&quot;sizes&quot;:[]},&quot;starto_ext_smoove_perspective&quot;:{&quot;unit&quot;:&quot;px&quot;,&quot;size&quot;:1000,&quot;sizes&quot;:[]},&quot;starto_ext_is_parallax_mouse&quot;:&quot;false&quot;,&quot;starto_ext_is_infinite&quot;:&quot;false&quot;}\" data-widget_type=\"heading.default\">\n\t\t\t\t<div class=\"elementor-widget-container\">\n\t\t\t\t\t<h6 class=\"elementor-heading-title elementor-size-default\">Check out our publications we have prepared with the leaders of the e-commerce industry.<\/h6>\t\t\t\t<\/div>\n\t\t\t\t<\/div>\n\t\t\t\t\t<\/div>\n\t\t<\/div>\n\t\t\t\t<div class=\"elementor-column elementor-col-50 elementor-top-column elementor-element elementor-element-5ea7a89\" data-id=\"5ea7a89\" data-element_type=\"column\" data-settings=\"{&quot;starto_ext_link_sidemenu&quot;:&quot;false&quot;,&quot;starto_ext_is_scrollme&quot;:&quot;false&quot;,&quot;starto_ext_is_smoove&quot;:&quot;false&quot;,&quot;starto_ext_is_parallax_mouse&quot;:&quot;false&quot;,&quot;starto_ext_is_infinite&quot;:&quot;false&quot;}\">\n\t\t\t<div class=\"elementor-widget-wrap elementor-element-populated\">\n\t\t\t\t\t\t<div class=\"elementor-element elementor-element-8895e1b elementor-widget elementor-widget-image\" data-id=\"8895e1b\" data-element_type=\"widget\" data-settings=\"{&quot;starto_ext_link_sidemenu&quot;:&quot;false&quot;,&quot;starto_ext_is_scrollme&quot;:&quot;false&quot;,&quot;starto_ext_is_smoove&quot;:&quot;false&quot;,&quot;starto_ext_is_parallax_mouse&quot;:&quot;false&quot;,&quot;starto_ext_is_infinite&quot;:&quot;false&quot;}\" data-widget_type=\"image.default\">\n\t\t\t\t<div class=\"elementor-widget-container\">\n\t\t\t\t\t\t\t\t\t\t\t\t\t\t\t<img fetchpriority=\"high\" decoding=\"async\" width=\"714\" height=\"630\" src=\"https:\/\/www.revotas.com\/wp-content\/uploads\/2022\/01\/revotalks-revotas.png\" class=\"attachment-large size-large wp-image-28473\" alt=\"\" srcset=\"https:\/\/www.revotas.com\/wp-content\/uploads\/2022\/01\/revotalks-revotas.png 714w, https:\/\/www.revotas.com\/wp-content\/uploads\/2022\/01\/revotalks-revotas-300x265.png 300w, https:\/\/www.revotas.com\/wp-content\/uploads\/2022\/01\/revotalks-revotas-440x388.png 440w\" sizes=\"(max-width: 714px) 100vw, 714px\" \/>\t\t\t\t\t\t\t\t\t\t\t\t\t\t\t<\/div>\n\t\t\t\t<\/div>\n\t\t\t\t\t<\/div>\n\t\t<\/div>\n\t\t\t\t\t<\/div>\n\t\t<\/section>\n\t\t\t\t<section data-particle_enable=\"false\" data-particle-mobile-disabled=\"false\" class=\"elementor-section elementor-top-section elementor-element elementor-element-04a318e elementor-section-boxed elementor-section-height-default elementor-section-height-default\" data-id=\"04a318e\" data-element_type=\"section\">\n\t\t\t\t\t\t<div class=\"elementor-container elementor-column-gap-default\">\n\t\t\t\t\t<div class=\"elementor-column elementor-col-100 elementor-top-column elementor-element elementor-element-f276fa1\" data-id=\"f276fa1\" data-element_type=\"column\" data-settings=\"{&quot;starto_ext_link_sidemenu&quot;:&quot;false&quot;,&quot;starto_ext_is_scrollme&quot;:&quot;false&quot;,&quot;starto_ext_is_smoove&quot;:&quot;false&quot;,&quot;starto_ext_is_parallax_mouse&quot;:&quot;false&quot;,&quot;starto_ext_is_infinite&quot;:&quot;false&quot;}\">\n\t\t\t<div class=\"elementor-widget-wrap elementor-element-populated\">\n\t\t\t\t\t\t<div class=\"elementor-element elementor-element-8c9f06f elementor-widget elementor-widget-starto-video-grid\" data-id=\"8c9f06f\" data-element_type=\"widget\" data-settings=\"{&quot;starto_ext_link_sidemenu&quot;:&quot;false&quot;,&quot;starto_ext_is_scrollme&quot;:&quot;false&quot;,&quot;starto_ext_is_smoove&quot;:&quot;false&quot;,&quot;starto_ext_is_parallax_mouse&quot;:&quot;false&quot;,&quot;starto_ext_is_infinite&quot;:&quot;false&quot;}\" data-widget_type=\"starto-video-grid.default\">\n\t\t\t\t<div class=\"elementor-widget-container\">\n\t\t\t\t\t<div class=\"portfolio-classic-container video-grid\">\n<div class=\"portfolio-classic-content-wrapper video-grid portfolio-classic layout-starto-three-cols \" data-cols=\"3\">\n\t\t<div class=\"portfolio-classic-grid-wrapper starto-three-cols   portfolio-1 tile scale-anm technology all no_filter smoove disable_tablet popout\" data-delay=\"150\" data-minwidth=\"769\" data-scale=\"0\">\n\t\t\t<div class=\"portfolio-classic-img video-grid-wrapper\">\n\t\t\t\t<a href=\"#\" class=\"video-card\" data-video-type=\"youtube\" data-video-id=\"VO-jUCyQMv8\">\n\t\t\t\t\t<img decoding=\"async\" src=\"https:\/\/www.revotas.com\/wp-content\/uploads\/2021\/11\/sddefault-640x393.jpg\" alt=\"\" class=\"video-card-image\" \/>\n\t\t\t\t<\/a>\n\t\t\t<\/div>\n\t\t\t<br class=\"clear\"\/>\n\t\t\t<div class=\"portfolio-classic-content\">\n\t\t\t\t<h3 class=\"portfolio-classic_title\">E-Ticaretin Gelece\u011fi - Yapay Zeka <\/h3>\n\t\t\t\t<div class=\"portfolio-classic-subtitle\">P\u0131nar Kele\u015f &amp; Ticimax<\/div>\n\t\t\t<\/div>\n\t\t<\/div>\n\t\t<div class=\"portfolio-classic-grid-wrapper starto-three-cols   portfolio-2 tile scale-anm technology all no_filter smoove disable_tablet popout\" data-delay=\"300\" data-minwidth=\"769\" data-scale=\"0\">\n\t\t\t<div class=\"portfolio-classic-img video-grid-wrapper\">\n\t\t\t\t<a href=\"#\" class=\"video-card\" data-video-type=\"youtube\" data-video-id=\"DHyUlWMywEA\">\n\t\t\t\t\t<img decoding=\"async\" src=\"https:\/\/www.revotas.com\/wp-content\/uploads\/2022\/01\/revotalks1-700x393.jpg\" alt=\"\" class=\"video-card-image\" \/>\n\t\t\t\t<\/a>\n\t\t\t<\/div>\n\t\t\t<br class=\"clear\"\/>\n\t\t\t<div class=\"portfolio-classic-content\">\n\t\t\t\t<h3 class=\"portfolio-classic_title\">Yeni Normalde Ba\u015far\u0131n\u0131n Dijital Kurallar\u0131<\/h3>\n\t\t\t\t<div class=\"portfolio-classic-subtitle\">Emre Mutluay<\/div>\n\t\t\t<\/div>\n\t\t<\/div>\n\t\t<div class=\"portfolio-classic-grid-wrapper starto-three-cols last  portfolio-3 tile scale-anm technology all no_filter smoove disable_tablet popout\" data-delay=\"450\" data-minwidth=\"769\" data-scale=\"0\">\n\t\t\t<div class=\"portfolio-classic-img video-grid-wrapper\">\n\t\t\t\t<a href=\"#\" class=\"video-card\" data-video-type=\"youtube\" data-video-id=\"JwfB_KNh0GM\">\n\t\t\t\t\t<img decoding=\"async\" src=\"https:\/\/www.revotas.com\/wp-content\/uploads\/2022\/01\/revotalks2-700x393.jpg\" alt=\"\" class=\"video-card-image\" \/>\n\t\t\t\t<\/a>\n\t\t\t<\/div>\n\t\t\t<br class=\"clear\"\/>\n\t\t\t<div class=\"portfolio-classic-content\">\n\t\t\t\t<h3 class=\"portfolio-classic_title\">Ye\u015fil T\u00fcketici \u0130\u00e7in Ne Gibi Yat\u0131r\u0131mlar Yap\u0131yorsunuz<\/h3>\n\t\t\t\t<div class=\"portfolio-classic-subtitle\">Ebru Savur &amp; Skechers<\/div>\n\t\t\t<\/div>\n\t\t<\/div>\n\t\t<div class=\"portfolio-classic-grid-wrapper starto-three-cols   portfolio-4 tile scale-anm technology all no_filter smoove disable_tablet popout\" data-delay=\"150\" data-minwidth=\"769\" data-scale=\"0\">\n\t\t\t<div class=\"portfolio-classic-img video-grid-wrapper\">\n\t\t\t\t<a href=\"#\" class=\"video-card\" data-video-type=\"youtube\" data-video-id=\"C9p-apEou48\">\n\t\t\t\t\t<img decoding=\"async\" src=\"https:\/\/www.revotas.com\/wp-content\/uploads\/2022\/01\/revotalks3-700x393.jpg\" alt=\"\" class=\"video-card-image\" \/>\n\t\t\t\t<\/a>\n\t\t\t<\/div>\n\t\t\t<br class=\"clear\"\/>\n\t\t\t<div class=\"portfolio-classic-content\">\n\t\t\t\t<h3 class=\"portfolio-classic_title\">Avrupa ve Amerika Pazar\u0131n\u0131n Aras\u0131ndaki Farklar Nelerdir<\/h3>\n\t\t\t\t<div class=\"portfolio-classic-subtitle\">Ebru Savur &amp; Skechers<\/div>\n\t\t\t<\/div>\n\t\t<\/div>\n\t\t<div class=\"portfolio-classic-grid-wrapper starto-three-cols   portfolio-5 tile scale-anm technology all no_filter smoove disable_tablet popout\" data-delay=\"300\" data-minwidth=\"769\" data-scale=\"0\">\n\t\t\t<div class=\"portfolio-classic-img video-grid-wrapper\">\n\t\t\t\t<a href=\"#\" class=\"video-card\" data-video-type=\"youtube\" data-video-id=\"vvvyOO9CZZ0\">\n\t\t\t\t\t<img decoding=\"async\" src=\"https:\/\/www.revotas.com\/wp-content\/uploads\/2022\/01\/revotalks4-700x393.jpg\" alt=\"\" class=\"video-card-image\" \/>\n\t\t\t\t<\/a>\n\t\t\t<\/div>\n\t\t\t<br class=\"clear\"\/>\n\t\t\t<div class=\"portfolio-classic-content\">\n\t\t\t\t<h3 class=\"portfolio-classic_title\">\u00dcr\u00fcn A\u00e7\u0131klamalar\u0131nda Ka\u00e7 Tane Anahtar Kelime Kullan\u0131lmal\u0131<\/h3>\n\t\t\t\t<div class=\"portfolio-classic-subtitle\">\u0130lyas Teker &amp; Mosanta<\/div>\n\t\t\t<\/div>\n\t\t<\/div>\n\t\t<div class=\"portfolio-classic-grid-wrapper starto-three-cols last  portfolio-6 tile scale-anm technology all no_filter smoove disable_tablet popout\" data-delay=\"450\" data-minwidth=\"769\" data-scale=\"0\">\n\t\t\t<div class=\"portfolio-classic-img video-grid-wrapper\">\n\t\t\t\t<a href=\"#\" class=\"video-card\" data-video-type=\"youtube\" data-video-id=\"OTxaq6jA5Fg\">\n\t\t\t\t\t<img decoding=\"async\" src=\"https:\/\/www.revotas.com\/wp-content\/uploads\/2022\/01\/revotalks5.jpg\" alt=\"\" class=\"video-card-image\" \/>\n\t\t\t\t<\/a>\n\t\t\t<\/div>\n\t\t\t<br class=\"clear\"\/>\n\t\t\t<div class=\"portfolio-classic-content\">\n\t\t\t\t<h3 class=\"portfolio-classic_title\">2021 E-Ticaret Trendleri<\/h3>\n\t\t\t\t<div class=\"portfolio-classic-subtitle\">Ebru Savur &amp; Skechers<\/div>\n\t\t\t<\/div>\n\t\t<\/div>\n<br class=\"clear\"\/>\n<\/div>\n<\/div>\t\t\t\t<\/div>\n\t\t\t\t<\/div>\n\t\t\t\t\t<\/div>\n\t\t<\/div>\n\t\t\t\t\t<\/div>\n\t\t<\/section>\n\t\t\t\t<\/div>\n\t\t","protected":false},"excerpt":{"rendered":"<p>RevoTalks\u200b Check out our publications we have prepared with the leaders of the e-commerce industry. E-Ticaretin Gelece\u011fi &#8211; Yapay Zeka P\u0131nar Kele\u015f &amp; Ticimax Yeni Normalde Ba\u015far\u0131n\u0131n Dijital Kurallar\u0131 Emre Mutluay Ye\u015fil T\u00fcketici \u0130\u00e7in Ne Gibi Yat\u0131r\u0131mlar Yap\u0131yorsunuz Ebru Savur [&hellip;]<\/p>\n","protected":false},"author":1,"featured_media":0,"parent":0,"menu_order":0,"comment_status":"closed","ping_status":"closed","template":"","meta":{"footnotes":""},"class_list":["post-26659","page","type-page","status-publish","hentry"],"yoast_head":"<!-- This site is optimized with the Yoast SEO plugin v24.8.1 - https:\/\/yoast.com\/wordpress\/plugins\/seo\/ -->\n<title>Revotalks - Revotas<\/title>\n<meta name=\"description\" content=\"Revotalks - Check out the latest e-commerce tips and trends we&#039;ve prepared with the leaders of the e-commerce industry in our publications.\" \/>\n<meta name=\"robots\" content=\"index, follow, max-snippet:-1, max-image-preview:large, max-video-preview:-1\" \/>\n<link rel=\"canonical\" href=\"https:\/\/www.revotas.com\/tr\/revotalks-2\/\" \/>\n<meta property=\"og:locale\" content=\"tr_TR\" \/>\n<meta property=\"og:type\" content=\"article\" \/>\n<meta property=\"og:title\" content=\"Revotalks - Revotas\" \/>\n<meta property=\"og:description\" content=\"Revotalks - Check out the latest e-commerce tips and trends we&#039;ve prepared with the leaders of the e-commerce industry in our publications.\" \/>\n<meta property=\"og:url\" content=\"https:\/\/www.revotas.com\/tr\/revotalks-2\/\" \/>\n<meta property=\"og:site_name\" content=\"Revotas\" \/>\n<meta property=\"article:publisher\" content=\"https:\/\/www.facebook.com\/RevotasHQ\/\" \/>\n<meta property=\"article:modified_time\" content=\"2023-12-14T11:43:11+00:00\" \/>\n<meta property=\"og:image\" content=\"https:\/\/www.revotas.com\/wp-content\/uploads\/2022\/01\/revotalks-revotas.png\" \/>\n<meta name=\"twitter:card\" content=\"summary_large_image\" \/>\n<meta name=\"twitter:site\" content=\"@RevotasHQ\" \/>\n<meta name=\"twitter:label1\" content=\"Tahmini okuma s\u00fcresi\" \/>\n\t<meta name=\"twitter:data1\" content=\"2 dakika\" \/>\n<script type=\"application\/ld+json\" class=\"yoast-schema-graph\">{\"@context\":\"https:\/\/schema.org\",\"@graph\":[{\"@type\":\"WebPage\",\"@id\":\"https:\/\/www.revotas.com\/tr\/revotalks-2\/\",\"url\":\"https:\/\/www.revotas.com\/tr\/revotalks-2\/\",\"name\":\"Revotalks - Revotas\",\"isPartOf\":{\"@id\":\"https:\/\/www.revotas.com\/#website\"},\"primaryImageOfPage\":{\"@id\":\"https:\/\/www.revotas.com\/tr\/revotalks-2\/#primaryimage\"},\"image\":{\"@id\":\"https:\/\/www.revotas.com\/tr\/revotalks-2\/#primaryimage\"},\"thumbnailUrl\":\"https:\/\/www.revotas.com\/wp-content\/uploads\/2022\/01\/revotalks-revotas.png\",\"datePublished\":\"2021-12-23T13:15:20+00:00\",\"dateModified\":\"2023-12-14T11:43:11+00:00\",\"description\":\"Revotalks - Check out the latest e-commerce tips and trends we've prepared with the leaders of the e-commerce industry in our publications.\",\"breadcrumb\":{\"@id\":\"https:\/\/www.revotas.com\/tr\/revotalks-2\/#breadcrumb\"},\"inLanguage\":\"tr\",\"potentialAction\":[{\"@type\":\"ReadAction\",\"target\":[\"https:\/\/www.revotas.com\/tr\/revotalks-2\/\"]}]},{\"@type\":\"ImageObject\",\"inLanguage\":\"tr\",\"@id\":\"https:\/\/www.revotas.com\/tr\/revotalks-2\/#primaryimage\",\"url\":\"https:\/\/www.revotas.com\/wp-content\/uploads\/2022\/01\/revotalks-revotas.png\",\"contentUrl\":\"https:\/\/www.revotas.com\/wp-content\/uploads\/2022\/01\/revotalks-revotas.png\"},{\"@type\":\"BreadcrumbList\",\"@id\":\"https:\/\/www.revotas.com\/tr\/revotalks-2\/#breadcrumb\",\"itemListElement\":[{\"@type\":\"ListItem\",\"position\":1,\"name\":\"Home\",\"item\":\"https:\/\/www.revotas.com\/\"},{\"@type\":\"ListItem\",\"position\":2,\"name\":\"Revotalks\"}]},{\"@type\":\"WebSite\",\"@id\":\"https:\/\/www.revotas.com\/#website\",\"url\":\"https:\/\/www.revotas.com\/\",\"name\":\"Revotas\",\"description\":\"Customer Experience Platform\",\"publisher\":{\"@id\":\"https:\/\/www.revotas.com\/#organization\"},\"potentialAction\":[{\"@type\":\"SearchAction\",\"target\":{\"@type\":\"EntryPoint\",\"urlTemplate\":\"https:\/\/www.revotas.com\/?s={search_term_string}\"},\"query-input\":{\"@type\":\"PropertyValueSpecification\",\"valueRequired\":true,\"valueName\":\"search_term_string\"}}],\"inLanguage\":\"tr\"},{\"@type\":\"Organization\",\"@id\":\"https:\/\/www.revotas.com\/#organization\",\"name\":\"Revotas\",\"url\":\"https:\/\/www.revotas.com\/\",\"logo\":{\"@type\":\"ImageObject\",\"inLanguage\":\"tr\",\"@id\":\"https:\/\/www.revotas.com\/#\/schema\/logo\/image\/\",\"url\":\"https:\/\/www.revotas.com\/wp-content\/uploads\/2024\/03\/revotas-logo.png\",\"contentUrl\":\"https:\/\/www.revotas.com\/wp-content\/uploads\/2024\/03\/revotas-logo.png\",\"width\":180,\"height\":44,\"caption\":\"Revotas\"},\"image\":{\"@id\":\"https:\/\/www.revotas.com\/#\/schema\/logo\/image\/\"},\"sameAs\":[\"https:\/\/www.facebook.com\/RevotasHQ\/\",\"https:\/\/x.com\/RevotasHQ\"]}]}<\/script>\n<!-- \/ Yoast SEO plugin. -->","yoast_head_json":{"title":"Revotalks - Revotas","description":"Revotalks - Check out the latest e-commerce tips and trends we've prepared with the leaders of the e-commerce industry in our publications.","robots":{"index":"index","follow":"follow","max-snippet":"max-snippet:-1","max-image-preview":"max-image-preview:large","max-video-preview":"max-video-preview:-1"},"canonical":"https:\/\/www.revotas.com\/tr\/revotalks-2\/","og_locale":"tr_TR","og_type":"article","og_title":"Revotalks - Revotas","og_description":"Revotalks - Check out the latest e-commerce tips and trends we've prepared with the leaders of the e-commerce industry in our publications.","og_url":"https:\/\/www.revotas.com\/tr\/revotalks-2\/","og_site_name":"Revotas","article_publisher":"https:\/\/www.facebook.com\/RevotasHQ\/","article_modified_time":"2023-12-14T11:43:11+00:00","og_image":[{"url":"https:\/\/www.revotas.com\/wp-content\/uploads\/2022\/01\/revotalks-revotas.png","type":"","width":"","height":""}],"twitter_card":"summary_large_image","twitter_site":"@RevotasHQ","twitter_misc":{"Tahmini okuma s\u00fcresi":"2 dakika"},"schema":{"@context":"https:\/\/schema.org","@graph":[{"@type":"WebPage","@id":"https:\/\/www.revotas.com\/tr\/revotalks-2\/","url":"https:\/\/www.revotas.com\/tr\/revotalks-2\/","name":"Revotalks - Revotas","isPartOf":{"@id":"https:\/\/www.revotas.com\/#website"},"primaryImageOfPage":{"@id":"https:\/\/www.revotas.com\/tr\/revotalks-2\/#primaryimage"},"image":{"@id":"https:\/\/www.revotas.com\/tr\/revotalks-2\/#primaryimage"},"thumbnailUrl":"https:\/\/www.revotas.com\/wp-content\/uploads\/2022\/01\/revotalks-revotas.png","datePublished":"2021-12-23T13:15:20+00:00","dateModified":"2023-12-14T11:43:11+00:00","description":"Revotalks - Check out the latest e-commerce tips and trends we've prepared with the leaders of the e-commerce industry in our publications.","breadcrumb":{"@id":"https:\/\/www.revotas.com\/tr\/revotalks-2\/#breadcrumb"},"inLanguage":"tr","potentialAction":[{"@type":"ReadAction","target":["https:\/\/www.revotas.com\/tr\/revotalks-2\/"]}]},{"@type":"ImageObject","inLanguage":"tr","@id":"https:\/\/www.revotas.com\/tr\/revotalks-2\/#primaryimage","url":"https:\/\/www.revotas.com\/wp-content\/uploads\/2022\/01\/revotalks-revotas.png","contentUrl":"https:\/\/www.revotas.com\/wp-content\/uploads\/2022\/01\/revotalks-revotas.png"},{"@type":"BreadcrumbList","@id":"https:\/\/www.revotas.com\/tr\/revotalks-2\/#breadcrumb","itemListElement":[{"@type":"ListItem","position":1,"name":"Home","item":"https:\/\/www.revotas.com\/"},{"@type":"ListItem","position":2,"name":"Revotalks"}]},{"@type":"WebSite","@id":"https:\/\/www.revotas.com\/#website","url":"https:\/\/www.revotas.com\/","name":"Revotas","description":"Customer Experience Platform","publisher":{"@id":"https:\/\/www.revotas.com\/#organization"},"potentialAction":[{"@type":"SearchAction","target":{"@type":"EntryPoint","urlTemplate":"https:\/\/www.revotas.com\/?s={search_term_string}"},"query-input":{"@type":"PropertyValueSpecification","valueRequired":true,"valueName":"search_term_string"}}],"inLanguage":"tr"},{"@type":"Organization","@id":"https:\/\/www.revotas.com\/#organization","name":"Revotas","url":"https:\/\/www.revotas.com\/","logo":{"@type":"ImageObject","inLanguage":"tr","@id":"https:\/\/www.revotas.com\/#\/schema\/logo\/image\/","url":"https:\/\/www.revotas.com\/wp-content\/uploads\/2024\/03\/revotas-logo.png","contentUrl":"https:\/\/www.revotas.com\/wp-content\/uploads\/2024\/03\/revotas-logo.png","width":180,"height":44,"caption":"Revotas"},"image":{"@id":"https:\/\/www.revotas.com\/#\/schema\/logo\/image\/"},"sameAs":["https:\/\/www.facebook.com\/RevotasHQ\/","https:\/\/x.com\/RevotasHQ"]}]}},"_links":{"self":[{"href":"https:\/\/www.revotas.com\/tr\/wp-json\/wp\/v2\/pages\/26659"}],"collection":[{"href":"https:\/\/www.revotas.com\/tr\/wp-json\/wp\/v2\/pages"}],"about":[{"href":"https:\/\/www.revotas.com\/tr\/wp-json\/wp\/v2\/types\/page"}],"author":[{"embeddable":true,"href":"https:\/\/www.revotas.com\/tr\/wp-json\/wp\/v2\/users\/1"}],"replies":[{"embeddable":true,"href":"https:\/\/www.revotas.com\/tr\/wp-json\/wp\/v2\/comments?post=26659"}],"version-history":[{"count":39,"href":"https:\/\/www.revotas.com\/tr\/wp-json\/wp\/v2\/pages\/26659\/revisions"}],"predecessor-version":[{"id":45408,"href":"https:\/\/www.revotas.com\/tr\/wp-json\/wp\/v2\/pages\/26659\/revisions\/45408"}],"wp:attachment":[{"href":"https:\/\/www.revotas.com\/tr\/wp-json\/wp\/v2\/media?parent=26659"}],"curies":[{"name":"wp","href":"https:\/\/api.w.org\/{rel}","templated":true}]}}