{"id":47018,"date":"2024-03-13T14:02:42","date_gmt":"2024-03-13T11:02:42","guid":{"rendered":"https:\/\/www.revotas.com\/?page_id=47018"},"modified":"2025-07-16T14:17:11","modified_gmt":"2025-07-16T11:17:11","slug":"2024-e-posta-pazarlama-trendleri","status":"publish","type":"page","link":"https:\/\/www.revotas.com\/tr\/kaynaklar\/2024-e-posta-pazarlama-trendleri\/","title":{"rendered":"2024 E-posta Pazarlama Trendleri"},"content":{"rendered":"\t\t<div data-elementor-type=\"wp-page\" data-elementor-id=\"47018\" class=\"elementor elementor-47018\" data-elementor-post-type=\"page\">\n\t\t\t\t\t\t<section data-particle_enable=\"false\" data-particle-mobile-disabled=\"false\" class=\"elementor-section elementor-top-section elementor-element elementor-element-5a37807 elementor-hidden-mobile elementor-section-boxed elementor-section-height-default elementor-section-height-default\" data-id=\"5a37807\" data-element_type=\"section\">\n\t\t\t\t\t\t<div class=\"elementor-container elementor-column-gap-default\">\n\t\t\t\t\t<div class=\"elementor-column elementor-col-100 elementor-top-column elementor-element elementor-element-84fce1e\" data-id=\"84fce1e\" data-element_type=\"column\" data-settings=\"{&quot;starto_ext_link_sidemenu&quot;:&quot;false&quot;,&quot;starto_ext_is_scrollme&quot;:&quot;false&quot;,&quot;starto_ext_is_smoove&quot;:&quot;false&quot;,&quot;starto_ext_is_parallax_mouse&quot;:&quot;false&quot;,&quot;starto_ext_is_infinite&quot;:&quot;false&quot;}\">\n\t\t\t<div class=\"elementor-widget-wrap elementor-element-populated\">\n\t\t\t\t\t\t<div class=\"elementor-element elementor-element-c268a43 elementor-widget__width-initial elementor-widget-tablet__width-inherit elementor-hidden-mobile elementor-widget elementor-widget-heading\" data-id=\"c268a43\" data-element_type=\"widget\" data-settings=\"{&quot;starto_ext_is_smoove&quot;:&quot;true&quot;,&quot;starto_ext_smoove_disable&quot;:&quot;769&quot;,&quot;starto_ext_smoove_duration&quot;:1400,&quot;starto_ext_smoove_scalex&quot;:{&quot;unit&quot;:&quot;px&quot;,&quot;size&quot;:1.6,&quot;sizes&quot;:[]},&quot;starto_ext_smoove_scaley&quot;:{&quot;unit&quot;:&quot;px&quot;,&quot;size&quot;:1.6,&quot;sizes&quot;:[]},&quot;starto_ext_link_sidemenu&quot;:&quot;false&quot;,&quot;starto_ext_is_scrollme&quot;:&quot;false&quot;,&quot;starto_ext_smoove_rotatex&quot;:{&quot;unit&quot;:&quot;px&quot;,&quot;size&quot;:0,&quot;sizes&quot;:[]},&quot;starto_ext_smoove_rotatey&quot;:{&quot;unit&quot;:&quot;px&quot;,&quot;size&quot;:0,&quot;sizes&quot;:[]},&quot;starto_ext_smoove_rotatez&quot;:{&quot;unit&quot;:&quot;px&quot;,&quot;size&quot;:0,&quot;sizes&quot;:[]},&quot;starto_ext_smoove_translatex&quot;:{&quot;unit&quot;:&quot;px&quot;,&quot;size&quot;:0,&quot;sizes&quot;:[]},&quot;starto_ext_smoove_translatey&quot;:{&quot;unit&quot;:&quot;px&quot;,&quot;size&quot;:0,&quot;sizes&quot;:[]},&quot;starto_ext_smoove_translatez&quot;:{&quot;unit&quot;:&quot;px&quot;,&quot;size&quot;:0,&quot;sizes&quot;:[]},&quot;starto_ext_smoove_skewx&quot;:{&quot;unit&quot;:&quot;px&quot;,&quot;size&quot;:0,&quot;sizes&quot;:[]},&quot;starto_ext_smoove_skewy&quot;:{&quot;unit&quot;:&quot;px&quot;,&quot;size&quot;:0,&quot;sizes&quot;:[]},&quot;starto_ext_smoove_perspective&quot;:{&quot;unit&quot;:&quot;px&quot;,&quot;size&quot;:1000,&quot;sizes&quot;:[]},&quot;starto_ext_is_parallax_mouse&quot;:&quot;false&quot;,&quot;starto_ext_is_infinite&quot;:&quot;false&quot;}\" data-widget_type=\"heading.default\">\n\t\t\t\t<div class=\"elementor-widget-container\">\n\t\t\t\t\t<h1 class=\"elementor-heading-title elementor-size-default\"><p>2024 Revotas CXP ve\nE-posta Pazarlama\nTrendleri <span style=\"font-size: 32px;letter-spacing: 0px\"><\/span><span style=\"font-family: Poppins;font-size: 32px;font-weight: 800;letter-spacing: 0px\"><\/span><\/p><\/h1>\t\t\t\t<\/div>\n\t\t\t\t<\/div>\n\t\t\t\t\t<\/div>\n\t\t<\/div>\n\t\t\t\t\t<\/div>\n\t\t<\/section>\n\t\t\t\t<section data-particle_enable=\"false\" data-particle-mobile-disabled=\"false\" class=\"elementor-section elementor-top-section elementor-element elementor-element-821df89 elementor-section-boxed elementor-section-height-default elementor-section-height-default\" data-id=\"821df89\" data-element_type=\"section\">\n\t\t\t\t\t\t<div class=\"elementor-container elementor-column-gap-default\">\n\t\t\t\t\t<div class=\"elementor-column elementor-col-100 elementor-top-column elementor-element elementor-element-fcc30b3\" data-id=\"fcc30b3\" data-element_type=\"column\" data-settings=\"{&quot;starto_ext_link_sidemenu&quot;:&quot;false&quot;,&quot;starto_ext_is_scrollme&quot;:&quot;false&quot;,&quot;starto_ext_is_smoove&quot;:&quot;false&quot;,&quot;starto_ext_is_parallax_mouse&quot;:&quot;false&quot;,&quot;starto_ext_is_infinite&quot;:&quot;false&quot;}\">\n\t\t\t<div class=\"elementor-widget-wrap elementor-element-populated\">\n\t\t\t\t\t\t<div class=\"elementor-element elementor-element-943891d elementor-widget elementor-widget-spacer\" data-id=\"943891d\" data-element_type=\"widget\" data-settings=\"{&quot;starto_ext_link_sidemenu&quot;:&quot;false&quot;,&quot;starto_ext_is_scrollme&quot;:&quot;false&quot;,&quot;starto_ext_is_smoove&quot;:&quot;false&quot;,&quot;starto_ext_is_parallax_mouse&quot;:&quot;false&quot;,&quot;starto_ext_is_infinite&quot;:&quot;false&quot;}\" data-widget_type=\"spacer.default\">\n\t\t\t\t<div class=\"elementor-widget-container\">\n\t\t\t\t\t\t\t<div class=\"elementor-spacer\">\n\t\t\t<div class=\"elementor-spacer-inner\"><\/div>\n\t\t<\/div>\n\t\t\t\t\t\t<\/div>\n\t\t\t\t<\/div>\n\t\t\t\t\t<\/div>\n\t\t<\/div>\n\t\t\t\t\t<\/div>\n\t\t<\/section>\n\t\t\t\t<section data-particle_enable=\"false\" data-particle-mobile-disabled=\"false\" class=\"elementor-section elementor-top-section elementor-element elementor-element-b017c57 elementor-section-stretched elementor-section-boxed elementor-section-height-default elementor-section-height-default\" data-id=\"b017c57\" data-element_type=\"section\" data-settings=\"{&quot;stretch_section&quot;:&quot;section-stretched&quot;,&quot;background_background&quot;:&quot;classic&quot;}\">\n\t\t\t\t\t\t<div class=\"elementor-container elementor-column-gap-default\">\n\t\t\t\t\t<div class=\"elementor-column elementor-col-33 elementor-top-column elementor-element elementor-element-cbf67e7\" data-id=\"cbf67e7\" data-element_type=\"column\" data-settings=\"{&quot;starto_ext_link_sidemenu&quot;:&quot;false&quot;,&quot;starto_ext_is_scrollme&quot;:&quot;false&quot;,&quot;starto_ext_is_smoove&quot;:&quot;false&quot;,&quot;starto_ext_is_parallax_mouse&quot;:&quot;false&quot;,&quot;starto_ext_is_infinite&quot;:&quot;false&quot;}\">\n\t\t\t<div class=\"elementor-widget-wrap elementor-element-populated\">\n\t\t\t\t\t\t<div class=\"elementor-element elementor-element-47a1217 elementor-widget elementor-widget-text-editor\" data-id=\"47a1217\" data-element_type=\"widget\" data-settings=\"{&quot;starto_ext_link_sidemenu&quot;:&quot;false&quot;,&quot;starto_ext_is_scrollme&quot;:&quot;false&quot;,&quot;starto_ext_is_smoove&quot;:&quot;false&quot;,&quot;starto_ext_is_parallax_mouse&quot;:&quot;false&quot;,&quot;starto_ext_is_infinite&quot;:&quot;false&quot;}\" data-widget_type=\"text-editor.default\">\n\t\t\t\t<div class=\"elementor-widget-container\">\n\t\t\t\t\t\t\t\t\t<p>2024 E-posta Pazarlama Dinamiklerini \u00d6\u011frenmeye Haz\u0131r m\u0131s\u0131n\u0131z?<\/p>\t\t\t\t\t\t\t\t<\/div>\n\t\t\t\t<\/div>\n\t\t\t\t<div class=\"elementor-element elementor-element-9fa70fd elementor-hidden-mobile elementor-widget elementor-widget-text-editor\" data-id=\"9fa70fd\" data-element_type=\"widget\" data-settings=\"{&quot;starto_ext_link_sidemenu&quot;:&quot;false&quot;,&quot;starto_ext_is_scrollme&quot;:&quot;false&quot;,&quot;starto_ext_is_smoove&quot;:&quot;false&quot;,&quot;starto_ext_is_parallax_mouse&quot;:&quot;false&quot;,&quot;starto_ext_is_infinite&quot;:&quot;false&quot;}\" data-widget_type=\"text-editor.default\">\n\t\t\t\t<div class=\"elementor-widget-container\">\n\t\t\t\t\t\t\t\t\t<p>Revotas CXP olarak e-posta pazarlaman\u0131n gelece\u011fini bu e-kitapta sizinle payla\u015ft\u0131k.<\/p>\n<p>E-posta pazarlama verilerinden al\u0131nan, ki\u015fiselle\u015ftirme ve m\u00fc\u015fteri deneyimi iyile\u015ftirmeye kadar bir\u00e7ok \u00f6nemli konuyu ele ald\u0131k.<span style=\"font-size: 19px; letter-spacing: 0px;\"> 2024&#8217;te ba\u015far\u0131ya ula\u015fmak i\u00e7in hemen kitap\u00e7\u0131\u011f\u0131m\u0131z\u0131 indirin!<\/span><\/p>\t\t\t\t\t\t\t\t<\/div>\n\t\t\t\t<\/div>\n\t\t\t\t\t<\/div>\n\t\t<\/div>\n\t\t\t\t<div class=\"elementor-column elementor-col-33 elementor-top-column elementor-element elementor-element-53caf60\" data-id=\"53caf60\" data-element_type=\"column\" data-settings=\"{&quot;starto_ext_link_sidemenu&quot;:&quot;false&quot;,&quot;starto_ext_is_scrollme&quot;:&quot;false&quot;,&quot;starto_ext_is_smoove&quot;:&quot;false&quot;,&quot;starto_ext_is_parallax_mouse&quot;:&quot;false&quot;,&quot;starto_ext_is_infinite&quot;:&quot;false&quot;}\">\n\t\t\t<div class=\"elementor-widget-wrap elementor-element-populated\">\n\t\t\t\t\t\t<div class=\"elementor-element elementor-element-30c0edf elementor-hidden-tablet elementor-hidden-mobile elementor-widget elementor-widget-image\" data-id=\"30c0edf\" data-element_type=\"widget\" data-settings=\"{&quot;starto_ext_link_sidemenu&quot;:&quot;false&quot;,&quot;starto_ext_is_scrollme&quot;:&quot;false&quot;,&quot;starto_ext_is_smoove&quot;:&quot;false&quot;,&quot;starto_ext_is_parallax_mouse&quot;:&quot;false&quot;,&quot;starto_ext_is_infinite&quot;:&quot;false&quot;}\" data-widget_type=\"image.default\">\n\t\t\t\t<div class=\"elementor-widget-container\">\n\t\t\t\t\t\t\t\t\t\t\t\t\t\t\t<img decoding=\"async\" src=\"https:\/\/www.revotas.com\/wp-content\/uploads\/elementor\/thumbs\/2024-E-Posta-Pazarlama-Trendleri-Kitapcik3-ql5j6t1jy7a40r0nqqqurbs7f2ny87eb1ihby4k93c.png\" title=\"2024 E-Posta Pazarlama Trendleri Kitap\u00e7\u0131k3\" alt=\"2024 E-Posta Pazarlama Trendleri Kitap\u00e7\u0131k3\" loading=\"lazy\" \/>\t\t\t\t\t\t\t\t\t\t\t\t\t\t\t<\/div>\n\t\t\t\t<\/div>\n\t\t\t\t\t<\/div>\n\t\t<\/div>\n\t\t\t\t<div class=\"elementor-column elementor-col-33 elementor-top-column elementor-element elementor-element-bfd14da\" data-id=\"bfd14da\" data-element_type=\"column\" data-settings=\"{&quot;background_background&quot;:&quot;classic&quot;,&quot;starto_ext_link_sidemenu&quot;:&quot;false&quot;,&quot;starto_ext_is_scrollme&quot;:&quot;false&quot;,&quot;starto_ext_is_smoove&quot;:&quot;false&quot;,&quot;starto_ext_is_parallax_mouse&quot;:&quot;false&quot;,&quot;starto_ext_is_infinite&quot;:&quot;false&quot;}\">\n\t\t\t<div class=\"elementor-widget-wrap elementor-element-populated\">\n\t\t\t\t\t<div class=\"elementor-background-overlay\"><\/div>\n\t\t\t\t\t\t<div class=\"elementor-element elementor-element-0ec5b9a elementor-widget elementor-widget-text-editor\" data-id=\"0ec5b9a\" data-element_type=\"widget\" data-settings=\"{&quot;starto_ext_link_sidemenu&quot;:&quot;false&quot;,&quot;starto_ext_is_scrollme&quot;:&quot;false&quot;,&quot;starto_ext_is_smoove&quot;:&quot;false&quot;,&quot;starto_ext_is_parallax_mouse&quot;:&quot;false&quot;,&quot;starto_ext_is_infinite&quot;:&quot;false&quot;}\" data-widget_type=\"text-editor.default\">\n\t\t\t\t<div class=\"elementor-widget-container\">\n\t\t\t\t\t\t\t\t\t<p>\n<div class=\"wpcf7 no-js\" id=\"wpcf7-f47218-o1\" lang=\"tr-TR\" dir=\"ltr\" data-wpcf7-id=\"47218\">\n<div class=\"screen-reader-response\"><p role=\"status\" aria-live=\"polite\" aria-atomic=\"true\"><\/p> <ul><\/ul><\/div>\n<form action=\"\/tr\/wp-json\/wp\/v2\/pages\/47018#wpcf7-f47218-o1\" method=\"post\" class=\"wpcf7-form init\" aria-label=\"\u0130leti\u015fim Formu\" novalidate=\"novalidate\" data-status=\"init\">\n<div style=\"display: none;\">\n<input type=\"hidden\" name=\"_wpcf7\" value=\"47218\" \/>\n<input type=\"hidden\" name=\"_wpcf7_version\" value=\"6.0.6\" \/>\n<input type=\"hidden\" name=\"_wpcf7_locale\" value=\"tr_TR\" \/>\n<input type=\"hidden\" name=\"_wpcf7_unit_tag\" value=\"wpcf7-f47218-o1\" \/>\n<input type=\"hidden\" name=\"_wpcf7_container_post\" value=\"0\" \/>\n<input type=\"hidden\" name=\"_wpcf7_posted_data_hash\" value=\"\" \/>\n<\/div>\n<p><label> Ad\u0131n\u0131z Soyad\u0131n\u0131z (*)<br \/>\n<span class=\"wpcf7-form-control-wrap\" data-name=\"your-name\"><input size=\"40\" maxlength=\"400\" class=\"wpcf7-form-control wpcf7-text wpcf7-validates-as-required\" aria-required=\"true\" aria-invalid=\"false\" value=\"\" type=\"text\" name=\"your-name\" \/><\/span><\/label>\n<\/p>\n<p><label> E-posta Adresiniz (*)<br \/>\n<span class=\"wpcf7-form-control-wrap\" data-name=\"your-email\"><input size=\"40\" maxlength=\"400\" class=\"wpcf7-form-control wpcf7-email wpcf7-validates-as-required wpcf7-text wpcf7-validates-as-email\" aria-required=\"true\" aria-invalid=\"false\" value=\"\" type=\"email\" name=\"your-email\" \/><\/span> <\/label>\n<\/p>\n<p><label> Telefon Numaran\u0131z (*)<br \/>\n<span class=\"wpcf7-form-control-wrap\" data-name=\"tel-110\"><input size=\"40\" maxlength=\"400\" class=\"wpcf7-form-control wpcf7-tel wpcf7-validates-as-required wpcf7-text wpcf7-validates-as-tel\" aria-required=\"true\" aria-invalid=\"false\" value=\"\" type=\"tel\" name=\"tel-110\" \/><\/span> <\/label>\n<\/p>\n<p><label> \u015eirket (*)<br \/>\n<span class=\"wpcf7-form-control-wrap\" data-name=\"your-subject\"><input size=\"40\" maxlength=\"400\" class=\"wpcf7-form-control wpcf7-text wpcf7-validates-as-required\" aria-required=\"true\" aria-invalid=\"false\" value=\"\" type=\"text\" name=\"your-subject\" \/><\/span> <\/label>\n<\/p>\n<font size=\"1\">\n\t<p><span class=\"wpcf7-form-control-wrap\" data-name=\"KVKK\"><span class=\"wpcf7-form-control wpcf7-checkbox wpcf7-validates-as-required\"><span class=\"wpcf7-list-item first last\"><label><input type=\"checkbox\" name=\"KVKK[]\" value=\"KVKK Ayd\u0131nlatma Metni\u2019ni okudum, bilgilendirildim, ileti almak ve aranmak istiyorum.\" \/><span class=\"wpcf7-list-item-label\">KVKK Ayd\u0131nlatma Metni\u2019ni okudum, bilgilendirildim, ileti almak ve aranmak istiyorum.<\/span><\/label><\/span><\/span><\/span>\n\t<\/p>\n<\/font>\n<font size=\"1\" >\n\t<p><span class=\"wpcf7-form-control-wrap\" data-name=\"iletisimizni\"><span class=\"wpcf7-form-control wpcf7-checkbox wpcf7-validates-as-required\"><span class=\"wpcf7-list-item first last\"><label><input type=\"checkbox\" name=\"iletisimizni[]\" value=\"Revotas taraf\u0131ndan elektronik ileti\u015fim adreslerime ticari elektronik ileti g\u00f6nderilmesine izin veriyorum.\" \/><span class=\"wpcf7-list-item-label\">Revotas taraf\u0131ndan elektronik ileti\u015fim adreslerime ticari elektronik ileti g\u00f6nderilmesine izin veriyorum.<\/span><\/label><\/span><\/span><\/span>\n\t<\/p>\n<\/font>\n<center>\n\t<p><input class=\"wpcf7-form-control wpcf7-submit has-spinner\" type=\"submit\" value=\"Kitap\u00e7\u0131\u011f\u0131 indir\" \/>\n\t<\/p>\n<\/center><div class=\"wpcf7-response-output\" aria-hidden=\"true\"><\/div>\n<\/form>\n<\/div>\n<\/p>\t\t\t\t\t\t\t\t<\/div>\n\t\t\t\t<\/div>\n\t\t\t\t\t<\/div>\n\t\t<\/div>\n\t\t\t\t\t<\/div>\n\t\t<\/section>\n\t\t\t\t<\/div>\n\t\t","protected":false},"excerpt":{"rendered":"<p>2024 Revotas CXP ve E-posta Pazarlama Trendleri 2024 E-posta Pazarlama Dinamiklerini \u00d6\u011frenmeye Haz\u0131r m\u0131s\u0131n\u0131z? Revotas CXP olarak e-posta pazarlaman\u0131n gelece\u011fini bu e-kitapta sizinle payla\u015ft\u0131k. E-posta pazarlama verilerinden al\u0131nan, ki\u015fiselle\u015ftirme ve m\u00fc\u015fteri deneyimi iyile\u015ftirmeye kadar bir\u00e7ok \u00f6nemli konuyu ele ald\u0131k. 2024&#8217;te [&hellip;]<\/p>\n","protected":false},"author":1,"featured_media":0,"parent":27672,"menu_order":0,"comment_status":"closed","ping_status":"closed","template":"","meta":{"footnotes":""},"class_list":["post-47018","page","type-page","status-publish","hentry"],"yoast_head":"<!-- This site is optimized with the Yoast SEO plugin v24.8.1 - https:\/\/yoast.com\/wordpress\/plugins\/seo\/ -->\n<title>2024 E-posta Pazarlama Trendleri - Revotas<\/title>\n<meta name=\"description\" content=\"Lider dijital pazarlama uzmanlar\u0131 i\u00e7in y\u0131lba\u015f\u0131 \u00f6ng\u00f6r\u00fcleri ve haz\u0131rl\u0131k \u00f6nerilerini e-kitab\u0131m\u0131zda bulabilirsiniz.\" \/>\n<meta name=\"robots\" content=\"index, follow, max-snippet:-1, max-image-preview:large, max-video-preview:-1\" \/>\n<link rel=\"canonical\" href=\"https:\/\/www.revotas.com\/tr\/kaynaklar\/2024-e-posta-pazarlama-trendleri\/\" \/>\n<meta property=\"og:locale\" content=\"tr_TR\" \/>\n<meta property=\"og:type\" content=\"article\" \/>\n<meta property=\"og:title\" content=\"2024 E-posta Pazarlama Trendleri - Revotas\" \/>\n<meta property=\"og:description\" content=\"Lider dijital pazarlama uzmanlar\u0131 i\u00e7in y\u0131lba\u015f\u0131 \u00f6ng\u00f6r\u00fcleri ve haz\u0131rl\u0131k \u00f6nerilerini e-kitab\u0131m\u0131zda bulabilirsiniz.\" \/>\n<meta property=\"og:url\" content=\"https:\/\/www.revotas.com\/tr\/kaynaklar\/2024-e-posta-pazarlama-trendleri\/\" \/>\n<meta property=\"og:site_name\" content=\"Revotas\" \/>\n<meta property=\"article:publisher\" content=\"https:\/\/www.facebook.com\/RevotasHQ\/\" \/>\n<meta property=\"article:modified_time\" content=\"2025-07-16T11:17:11+00:00\" \/>\n<meta property=\"og:image\" content=\"https:\/\/www.revotas.com\/wp-content\/uploads\/elementor\/thumbs\/2024-E-Posta-Pazarlama-Trendleri-Kitapcik3-ql5j6t1jy7a40r0nqqqurbs7f2ny87eb1ihby4k93c.png\" \/>\n<meta name=\"twitter:card\" content=\"summary_large_image\" \/>\n<meta name=\"twitter:site\" content=\"@RevotasHQ\" \/>\n<meta name=\"twitter:label1\" content=\"Tahmini okuma s\u00fcresi\" \/>\n\t<meta name=\"twitter:data1\" content=\"1 dakika\" \/>\n<script type=\"application\/ld+json\" class=\"yoast-schema-graph\">{\"@context\":\"https:\/\/schema.org\",\"@graph\":[{\"@type\":\"WebPage\",\"@id\":\"https:\/\/www.revotas.com\/tr\/kaynaklar\/2024-e-posta-pazarlama-trendleri\/\",\"url\":\"https:\/\/www.revotas.com\/tr\/kaynaklar\/2024-e-posta-pazarlama-trendleri\/\",\"name\":\"2024 E-posta Pazarlama Trendleri - Revotas\",\"isPartOf\":{\"@id\":\"https:\/\/www.revotas.com\/#website\"},\"primaryImageOfPage\":{\"@id\":\"https:\/\/www.revotas.com\/tr\/kaynaklar\/2024-e-posta-pazarlama-trendleri\/#primaryimage\"},\"image\":{\"@id\":\"https:\/\/www.revotas.com\/tr\/kaynaklar\/2024-e-posta-pazarlama-trendleri\/#primaryimage\"},\"thumbnailUrl\":\"https:\/\/www.revotas.com\/wp-content\/uploads\/elementor\/thumbs\/2024-E-Posta-Pazarlama-Trendleri-Kitapcik3-ql5j6t1jy7a40r0nqqqurbs7f2ny87eb1ihby4k93c.png\",\"datePublished\":\"2024-03-13T11:02:42+00:00\",\"dateModified\":\"2025-07-16T11:17:11+00:00\",\"description\":\"Lider dijital pazarlama uzmanlar\u0131 i\u00e7in y\u0131lba\u015f\u0131 \u00f6ng\u00f6r\u00fcleri ve haz\u0131rl\u0131k \u00f6nerilerini e-kitab\u0131m\u0131zda bulabilirsiniz.\",\"breadcrumb\":{\"@id\":\"https:\/\/www.revotas.com\/tr\/kaynaklar\/2024-e-posta-pazarlama-trendleri\/#breadcrumb\"},\"inLanguage\":\"tr\",\"potentialAction\":[{\"@type\":\"ReadAction\",\"target\":[\"https:\/\/www.revotas.com\/tr\/kaynaklar\/2024-e-posta-pazarlama-trendleri\/\"]}]},{\"@type\":\"ImageObject\",\"inLanguage\":\"tr\",\"@id\":\"https:\/\/www.revotas.com\/tr\/kaynaklar\/2024-e-posta-pazarlama-trendleri\/#primaryimage\",\"url\":\"https:\/\/www.revotas.com\/wp-content\/uploads\/elementor\/thumbs\/2024-E-Posta-Pazarlama-Trendleri-Kitapcik3-ql5j6t1jy7a40r0nqqqurbs7f2ny87eb1ihby4k93c.png\",\"contentUrl\":\"https:\/\/www.revotas.com\/wp-content\/uploads\/elementor\/thumbs\/2024-E-Posta-Pazarlama-Trendleri-Kitapcik3-ql5j6t1jy7a40r0nqqqurbs7f2ny87eb1ihby4k93c.png\"},{\"@type\":\"BreadcrumbList\",\"@id\":\"https:\/\/www.revotas.com\/tr\/kaynaklar\/2024-e-posta-pazarlama-trendleri\/#breadcrumb\",\"itemListElement\":[{\"@type\":\"ListItem\",\"position\":1,\"name\":\"Home\",\"item\":\"https:\/\/www.revotas.com\/\"},{\"@type\":\"ListItem\",\"position\":2,\"name\":\"Kaynaklar\",\"item\":\"https:\/\/www.revotas.com\/tr\/?page_id=27672\"},{\"@type\":\"ListItem\",\"position\":3,\"name\":\"2024 E-posta Pazarlama Trendleri\"}]},{\"@type\":\"WebSite\",\"@id\":\"https:\/\/www.revotas.com\/#website\",\"url\":\"https:\/\/www.revotas.com\/\",\"name\":\"Revotas\",\"description\":\"Customer Experience Platform\",\"publisher\":{\"@id\":\"https:\/\/www.revotas.com\/#organization\"},\"potentialAction\":[{\"@type\":\"SearchAction\",\"target\":{\"@type\":\"EntryPoint\",\"urlTemplate\":\"https:\/\/www.revotas.com\/?s={search_term_string}\"},\"query-input\":{\"@type\":\"PropertyValueSpecification\",\"valueRequired\":true,\"valueName\":\"search_term_string\"}}],\"inLanguage\":\"tr\"},{\"@type\":\"Organization\",\"@id\":\"https:\/\/www.revotas.com\/#organization\",\"name\":\"Revotas\",\"url\":\"https:\/\/www.revotas.com\/\",\"logo\":{\"@type\":\"ImageObject\",\"inLanguage\":\"tr\",\"@id\":\"https:\/\/www.revotas.com\/#\/schema\/logo\/image\/\",\"url\":\"https:\/\/www.revotas.com\/wp-content\/uploads\/2024\/03\/revotas-logo.png\",\"contentUrl\":\"https:\/\/www.revotas.com\/wp-content\/uploads\/2024\/03\/revotas-logo.png\",\"width\":180,\"height\":44,\"caption\":\"Revotas\"},\"image\":{\"@id\":\"https:\/\/www.revotas.com\/#\/schema\/logo\/image\/\"},\"sameAs\":[\"https:\/\/www.facebook.com\/RevotasHQ\/\",\"https:\/\/x.com\/RevotasHQ\"]}]}<\/script>\n<!-- \/ Yoast SEO plugin. -->","yoast_head_json":{"title":"2024 E-posta Pazarlama Trendleri - Revotas","description":"Lider dijital pazarlama uzmanlar\u0131 i\u00e7in y\u0131lba\u015f\u0131 \u00f6ng\u00f6r\u00fcleri ve haz\u0131rl\u0131k \u00f6nerilerini e-kitab\u0131m\u0131zda bulabilirsiniz.","robots":{"index":"index","follow":"follow","max-snippet":"max-snippet:-1","max-image-preview":"max-image-preview:large","max-video-preview":"max-video-preview:-1"},"canonical":"https:\/\/www.revotas.com\/tr\/kaynaklar\/2024-e-posta-pazarlama-trendleri\/","og_locale":"tr_TR","og_type":"article","og_title":"2024 E-posta Pazarlama Trendleri - Revotas","og_description":"Lider dijital pazarlama uzmanlar\u0131 i\u00e7in y\u0131lba\u015f\u0131 \u00f6ng\u00f6r\u00fcleri ve haz\u0131rl\u0131k \u00f6nerilerini e-kitab\u0131m\u0131zda bulabilirsiniz.","og_url":"https:\/\/www.revotas.com\/tr\/kaynaklar\/2024-e-posta-pazarlama-trendleri\/","og_site_name":"Revotas","article_publisher":"https:\/\/www.facebook.com\/RevotasHQ\/","article_modified_time":"2025-07-16T11:17:11+00:00","og_image":[{"url":"https:\/\/www.revotas.com\/wp-content\/uploads\/elementor\/thumbs\/2024-E-Posta-Pazarlama-Trendleri-Kitapcik3-ql5j6t1jy7a40r0nqqqurbs7f2ny87eb1ihby4k93c.png","type":"","width":"","height":""}],"twitter_card":"summary_large_image","twitter_site":"@RevotasHQ","twitter_misc":{"Tahmini okuma s\u00fcresi":"1 dakika"},"schema":{"@context":"https:\/\/schema.org","@graph":[{"@type":"WebPage","@id":"https:\/\/www.revotas.com\/tr\/kaynaklar\/2024-e-posta-pazarlama-trendleri\/","url":"https:\/\/www.revotas.com\/tr\/kaynaklar\/2024-e-posta-pazarlama-trendleri\/","name":"2024 E-posta Pazarlama Trendleri - Revotas","isPartOf":{"@id":"https:\/\/www.revotas.com\/#website"},"primaryImageOfPage":{"@id":"https:\/\/www.revotas.com\/tr\/kaynaklar\/2024-e-posta-pazarlama-trendleri\/#primaryimage"},"image":{"@id":"https:\/\/www.revotas.com\/tr\/kaynaklar\/2024-e-posta-pazarlama-trendleri\/#primaryimage"},"thumbnailUrl":"https:\/\/www.revotas.com\/wp-content\/uploads\/elementor\/thumbs\/2024-E-Posta-Pazarlama-Trendleri-Kitapcik3-ql5j6t1jy7a40r0nqqqurbs7f2ny87eb1ihby4k93c.png","datePublished":"2024-03-13T11:02:42+00:00","dateModified":"2025-07-16T11:17:11+00:00","description":"Lider dijital pazarlama uzmanlar\u0131 i\u00e7in y\u0131lba\u015f\u0131 \u00f6ng\u00f6r\u00fcleri ve haz\u0131rl\u0131k \u00f6nerilerini e-kitab\u0131m\u0131zda bulabilirsiniz.","breadcrumb":{"@id":"https:\/\/www.revotas.com\/tr\/kaynaklar\/2024-e-posta-pazarlama-trendleri\/#breadcrumb"},"inLanguage":"tr","potentialAction":[{"@type":"ReadAction","target":["https:\/\/www.revotas.com\/tr\/kaynaklar\/2024-e-posta-pazarlama-trendleri\/"]}]},{"@type":"ImageObject","inLanguage":"tr","@id":"https:\/\/www.revotas.com\/tr\/kaynaklar\/2024-e-posta-pazarlama-trendleri\/#primaryimage","url":"https:\/\/www.revotas.com\/wp-content\/uploads\/elementor\/thumbs\/2024-E-Posta-Pazarlama-Trendleri-Kitapcik3-ql5j6t1jy7a40r0nqqqurbs7f2ny87eb1ihby4k93c.png","contentUrl":"https:\/\/www.revotas.com\/wp-content\/uploads\/elementor\/thumbs\/2024-E-Posta-Pazarlama-Trendleri-Kitapcik3-ql5j6t1jy7a40r0nqqqurbs7f2ny87eb1ihby4k93c.png"},{"@type":"BreadcrumbList","@id":"https:\/\/www.revotas.com\/tr\/kaynaklar\/2024-e-posta-pazarlama-trendleri\/#breadcrumb","itemListElement":[{"@type":"ListItem","position":1,"name":"Home","item":"https:\/\/www.revotas.com\/"},{"@type":"ListItem","position":2,"name":"Kaynaklar","item":"https:\/\/www.revotas.com\/tr\/?page_id=27672"},{"@type":"ListItem","position":3,"name":"2024 E-posta Pazarlama Trendleri"}]},{"@type":"WebSite","@id":"https:\/\/www.revotas.com\/#website","url":"https:\/\/www.revotas.com\/","name":"Revotas","description":"Customer Experience Platform","publisher":{"@id":"https:\/\/www.revotas.com\/#organization"},"potentialAction":[{"@type":"SearchAction","target":{"@type":"EntryPoint","urlTemplate":"https:\/\/www.revotas.com\/?s={search_term_string}"},"query-input":{"@type":"PropertyValueSpecification","valueRequired":true,"valueName":"search_term_string"}}],"inLanguage":"tr"},{"@type":"Organization","@id":"https:\/\/www.revotas.com\/#organization","name":"Revotas","url":"https:\/\/www.revotas.com\/","logo":{"@type":"ImageObject","inLanguage":"tr","@id":"https:\/\/www.revotas.com\/#\/schema\/logo\/image\/","url":"https:\/\/www.revotas.com\/wp-content\/uploads\/2024\/03\/revotas-logo.png","contentUrl":"https:\/\/www.revotas.com\/wp-content\/uploads\/2024\/03\/revotas-logo.png","width":180,"height":44,"caption":"Revotas"},"image":{"@id":"https:\/\/www.revotas.com\/#\/schema\/logo\/image\/"},"sameAs":["https:\/\/www.facebook.com\/RevotasHQ\/","https:\/\/x.com\/RevotasHQ"]}]}},"_links":{"self":[{"href":"https:\/\/www.revotas.com\/tr\/wp-json\/wp\/v2\/pages\/47018"}],"collection":[{"href":"https:\/\/www.revotas.com\/tr\/wp-json\/wp\/v2\/pages"}],"about":[{"href":"https:\/\/www.revotas.com\/tr\/wp-json\/wp\/v2\/types\/page"}],"author":[{"embeddable":true,"href":"https:\/\/www.revotas.com\/tr\/wp-json\/wp\/v2\/users\/1"}],"replies":[{"embeddable":true,"href":"https:\/\/www.revotas.com\/tr\/wp-json\/wp\/v2\/comments?post=47018"}],"version-history":[{"count":54,"href":"https:\/\/www.revotas.com\/tr\/wp-json\/wp\/v2\/pages\/47018\/revisions"}],"predecessor-version":[{"id":51293,"href":"https:\/\/www.revotas.com\/tr\/wp-json\/wp\/v2\/pages\/47018\/revisions\/51293"}],"up":[{"embeddable":true,"href":"https:\/\/www.revotas.com\/tr\/wp-json\/wp\/v2\/pages\/27672"}],"wp:attachment":[{"href":"https:\/\/www.revotas.com\/tr\/wp-json\/wp\/v2\/media?parent=47018"}],"curies":[{"name":"wp","href":"https:\/\/api.w.org\/{rel}","templated":true}]}}